{"id":2,"date":"2016-05-10T03:48:21","date_gmt":"2016-05-10T03:48:21","guid":{"rendered":"https:\/\/fvk.leiterer.de\/?page_id=2"},"modified":"2025-03-29T00:30:35","modified_gmt":"2025-03-28T23:30:35","slug":"sample-page","status":"publish","type":"page","link":"https:\/\/fv-kitabuddelflink.de\/","title":{"rendered":"Home"},"content":{"rendered":"<p style=\"text-align: left;\"><strong>Herzlich Willkommen auf der Seite des F\u00f6rdervereins der Kita Buddelflink G\u00fcterfelde e.V.<\/strong><\/p>\n<p style=\"text-align: left;\">Als eingetragener, gemeinn\u00fctziger Verein m\u00f6chten wir unsere Kita sowohl organisatorisch als auch finanziell unterst\u00fctzen und laden alle Interessierten herzlich zum Mitmachen ein.<\/p>\n<p style=\"text-align: left;\">Wir verstehen uns als eine Plattform f\u00fcr Eltern, Gro\u00dfeltern und f\u00fcr andere Verwandte und Interessierte, die sich in unterschiedlicher Form an der Unterst\u00fctzung der Kinder und der Kita Buddelflink G\u00fcterfelde beteiligen m\u00f6chten. Damit soll aktive Familienpolitik hier im Kleinen durch jeden machbar werden.<\/p>\n<div id=\"attachment_245\" style=\"width: 310px\" class=\"wp-caption aligncenter\"><img loading=\"lazy\" decoding=\"async\" aria-describedby=\"caption-attachment-245\" class=\"wp-image-245 size-medium\" src=\"https:\/\/fv-kitabuddelflink.de\/wp-content\/uploads\/2016\/05\/DSC03485-300x199.jpg\" alt=\"\" width=\"300\" height=\"199\" srcset=\"https:\/\/fv-kitabuddelflink.de\/wp-content\/uploads\/2016\/05\/DSC03485-300x199.jpg 300w, https:\/\/fv-kitabuddelflink.de\/wp-content\/uploads\/2016\/05\/DSC03485-768x511.jpg 768w, https:\/\/fv-kitabuddelflink.de\/wp-content\/uploads\/2016\/05\/DSC03485-1024x681.jpg 1024w\" sizes=\"auto, (max-width: 300px) 100vw, 300px\" \/><p id=\"caption-attachment-245\" class=\"wp-caption-text\">Experimentieren<\/p><\/div>\n<div id=\"attachment_253\" style=\"width: 208px\" class=\"wp-caption alignleft\"><img loading=\"lazy\" decoding=\"async\" aria-describedby=\"caption-attachment-253\" class=\"wp-image-253\" src=\"https:\/\/fv-kitabuddelflink.de\/wp-content\/uploads\/2016\/05\/DSC03591-e1506327066964-199x300.jpg\" alt=\"\" width=\"198\" height=\"299\" srcset=\"https:\/\/fv-kitabuddelflink.de\/wp-content\/uploads\/2016\/05\/DSC03591-e1506327066964-199x300.jpg 199w, https:\/\/fv-kitabuddelflink.de\/wp-content\/uploads\/2016\/05\/DSC03591-e1506327066964-768x1155.jpg 768w, https:\/\/fv-kitabuddelflink.de\/wp-content\/uploads\/2016\/05\/DSC03591-e1506327066964-681x1024.jpg 681w, https:\/\/fv-kitabuddelflink.de\/wp-content\/uploads\/2016\/05\/DSC03591-e1506327066964.jpg 2000w\" sizes=\"auto, (max-width: 198px) 100vw, 198px\" \/><p id=\"caption-attachment-253\" class=\"wp-caption-text\">Den Kletterturm erobern<\/p><\/div>\n<div id=\"attachment_249\" style=\"width: 206px\" class=\"wp-caption alignright\"><img loading=\"lazy\" decoding=\"async\" aria-describedby=\"caption-attachment-249\" class=\"wp-image-249\" src=\"https:\/\/fv-kitabuddelflink.de\/wp-content\/uploads\/2016\/05\/DSC03524-e1506327177706-199x300.jpg\" alt=\"\" width=\"196\" height=\"295\" srcset=\"https:\/\/fv-kitabuddelflink.de\/wp-content\/uploads\/2016\/05\/DSC03524-e1506327177706-199x300.jpg 199w, https:\/\/fv-kitabuddelflink.de\/wp-content\/uploads\/2016\/05\/DSC03524-e1506327177706-768x1155.jpg 768w, https:\/\/fv-kitabuddelflink.de\/wp-content\/uploads\/2016\/05\/DSC03524-e1506327177706-681x1024.jpg 681w, https:\/\/fv-kitabuddelflink.de\/wp-content\/uploads\/2016\/05\/DSC03524-e1506327177706.jpg 2000w\" sizes=\"auto, (max-width: 196px) 100vw, 196px\" \/><p id=\"caption-attachment-249\" class=\"wp-caption-text\">Der Blick in fremde Welten<\/p><\/div>\n<p>&nbsp;<\/p>\n","protected":false},"excerpt":{"rendered":"<p>Herzlich Willkommen auf der Seite des F\u00f6rdervereins der Kita Buddelflink G\u00fcterfelde e.V. Als eingetragener, gemeinn\u00fctziger Verein m\u00f6chten wir unsere Kita sowohl organisatorisch als auch finanziell unterst\u00fctzen und laden alle Interessierten herzlich zum Mitmachen ein.&#46;&#46;&#46;<\/p>\n","protected":false},"author":1,"featured_media":0,"parent":0,"menu_order":0,"comment_status":"closed","ping_status":"open","template":"","meta":{"footnotes":""},"class_list":["post-2","page","type-page","status-publish","hentry"],"jetpack_sharing_enabled":true,"_links":{"self":[{"href":"https:\/\/fv-kitabuddelflink.de\/index.php?rest_route=\/wp\/v2\/pages\/2","targetHints":{"allow":["GET"]}}],"collection":[{"href":"https:\/\/fv-kitabuddelflink.de\/index.php?rest_route=\/wp\/v2\/pages"}],"about":[{"href":"https:\/\/fv-kitabuddelflink.de\/index.php?rest_route=\/wp\/v2\/types\/page"}],"author":[{"embeddable":true,"href":"https:\/\/fv-kitabuddelflink.de\/index.php?rest_route=\/wp\/v2\/users\/1"}],"replies":[{"embeddable":true,"href":"https:\/\/fv-kitabuddelflink.de\/index.php?rest_route=%2Fwp%2Fv2%2Fcomments&post=2"}],"version-history":[{"count":27,"href":"https:\/\/fv-kitabuddelflink.de\/index.php?rest_route=\/wp\/v2\/pages\/2\/revisions"}],"predecessor-version":[{"id":848,"href":"https:\/\/fv-kitabuddelflink.de\/index.php?rest_route=\/wp\/v2\/pages\/2\/revisions\/848"}],"wp:attachment":[{"href":"https:\/\/fv-kitabuddelflink.de\/index.php?rest_route=%2Fwp%2Fv2%2Fmedia&parent=2"}],"curies":[{"name":"wp","href":"https:\/\/api.w.org\/{rel}","templated":true}]}}