{"id":49,"date":"2017-09-05T07:09:27","date_gmt":"2017-09-05T07:09:27","guid":{"rendered":"https:\/\/fvk.leiterer.de\/?page_id=49"},"modified":"2022-07-08T07:00:26","modified_gmt":"2022-07-08T07:00:26","slug":"ueber-uns","status":"publish","type":"page","link":"https:\/\/fv-kitabuddelflink.de\/?page_id=49","title":{"rendered":"\u00dcber uns"},"content":{"rendered":"\n<p><\/p>\n\n\n<p style=\"text-align: left;\">Unser F\u00f6rderverein Kita Buddelflink G\u00fcterfelde e.V. wurde am 10. Oktober 2016 in G\u00fcterfelde gegr\u00fcndet.<\/p>\n<p><a href=\"https:\/\/fv-kitabuddelflink.de\/wp-content\/uploads\/2017\/09\/2016-11-23-Satzung-ge\u00e4ndert-1.pdf\">Die Satzung<\/a><\/p>\n<p>Register Nr.: VR 8712 P<br \/>Amtsgericht Potsdam<\/p>\n<p>E-Mail:<span style=\"color: #00ccff;\"> \u00a0 <a href=\"mailto:info@fv-kitabuddelflink.de\">info@fv-kitabuddelflink.de\u00a0<\/a><\/span><\/p>\n<p><strong>Der Vorstand stellt sich vor:<\/strong><\/p>\n<p>Vorstandsvorsitzende: <em>Luisa Gorzala<\/em><\/p>\n<p>Stellvertretende Vorstandsvorsitzende: <em>Mareike Hoffmann<\/em><\/p>\n<p>Schatzmeisterin: <em>Sabine Erbst\u00f6\u00dfer<\/em><\/p>\n<p>\u00a0<\/p>\n<p><img loading=\"lazy\" decoding=\"async\" class=\"alignnone  wp-image-605\" src=\"https:\/\/fv-kitabuddelflink.de\/wp-content\/uploads\/2022\/06\/vorstand-300x228.jpg\" alt=\"\" width=\"414\" height=\"285\" \/><\/p>\n<h6>Foto: privat, Sabine Erbst\u00f6\u00dfer<\/h6>","protected":false},"excerpt":{"rendered":"<p>Unser F\u00f6rderverein Kita Buddelflink G\u00fcterfelde e.V. wurde am 10. Oktober 2016 in G\u00fcterfelde gegr\u00fcndet. Die Satzung Register Nr.: VR 8712 PAmtsgericht Potsdam E-Mail: \u00a0 info@fv-kitabuddelflink.de\u00a0 Der Vorstand stellt sich vor: Vorstandsvorsitzende: Luisa Gorzala Stellvertretende&#46;&#46;&#46;<\/p>\n","protected":false},"author":1,"featured_media":0,"parent":0,"menu_order":0,"comment_status":"closed","ping_status":"closed","template":"","meta":{"footnotes":""},"class_list":["post-49","page","type-page","status-publish","hentry"],"jetpack_sharing_enabled":true,"_links":{"self":[{"href":"https:\/\/fv-kitabuddelflink.de\/index.php?rest_route=\/wp\/v2\/pages\/49","targetHints":{"allow":["GET"]}}],"collection":[{"href":"https:\/\/fv-kitabuddelflink.de\/index.php?rest_route=\/wp\/v2\/pages"}],"about":[{"href":"https:\/\/fv-kitabuddelflink.de\/index.php?rest_route=\/wp\/v2\/types\/page"}],"author":[{"embeddable":true,"href":"https:\/\/fv-kitabuddelflink.de\/index.php?rest_route=\/wp\/v2\/users\/1"}],"replies":[{"embeddable":true,"href":"https:\/\/fv-kitabuddelflink.de\/index.php?rest_route=%2Fwp%2Fv2%2Fcomments&post=49"}],"version-history":[{"count":22,"href":"https:\/\/fv-kitabuddelflink.de\/index.php?rest_route=\/wp\/v2\/pages\/49\/revisions"}],"predecessor-version":[{"id":620,"href":"https:\/\/fv-kitabuddelflink.de\/index.php?rest_route=\/wp\/v2\/pages\/49\/revisions\/620"}],"wp:attachment":[{"href":"https:\/\/fv-kitabuddelflink.de\/index.php?rest_route=%2Fwp%2Fv2%2Fmedia&parent=49"}],"curies":[{"name":"wp","href":"https:\/\/api.w.org\/{rel}","templated":true}]}}