{"id":54,"date":"2017-09-05T07:09:28","date_gmt":"2017-09-05T07:09:28","guid":{"rendered":"https:\/\/fvk.leiterer.de\/?page_id=54"},"modified":"2025-04-04T09:46:25","modified_gmt":"2025-04-04T07:46:25","slug":"partner-sponsoren","status":"publish","type":"page","link":"https:\/\/fv-kitabuddelflink.de\/?page_id=54","title":{"rendered":"Sponsoren"},"content":{"rendered":"\n<p>Wir sind noch auf der Suche nach Sponsoren. Hier k\u00f6nnte also auch eure Werbung stehen.<\/p>\n\n\n\n<p>Wenn Ihr uns unterst\u00fctzen m\u00f6chtet, dann helft ihr nicht nur uns, sondern vor allem den Kindern der Kita Buddelflink.<\/p>\n\n\n\n<p class=\"has-text-align-center has-vivid-red-color has-text-color has-link-color wp-elements-63baa5d9d0e406542830b92f9465df66\"><strong>JEDE SPENDE Z\u00c4HLT !<\/strong><\/p>\n\n\n\n<p>Daf\u00fcr danken wir und die Kinder der Kita Buddelflink von ganzem Herzen! > <a href=\"https:\/\/fv-kitabuddelflink.de\/?page_id=50\">Details<\/a><\/p>\n\n\n\n<figure class=\"wp-block-image\"><img loading=\"lazy\" decoding=\"async\" width=\"300\" height=\"225\" src=\"https:\/\/fv-kitabuddelflink.de\/wp-content\/uploads\/2017\/09\/CLIPART_OF_29895_SMJPG_21-300x225.jpg\" alt=\"\" class=\"wp-image-265\" srcset=\"https:\/\/fv-kitabuddelflink.de\/wp-content\/uploads\/2017\/09\/CLIPART_OF_29895_SMJPG_21-300x225.jpg 300w, https:\/\/fv-kitabuddelflink.de\/wp-content\/uploads\/2017\/09\/CLIPART_OF_29895_SMJPG_21.jpg 640w\" sizes=\"auto, (max-width: 300px) 100vw, 300px\" \/><\/figure>\n\n\n\n<p><\/p>\n","protected":false},"excerpt":{"rendered":"<p>Wir sind noch auf der Suche nach Sponsoren. Hier k\u00f6nnte also auch eure Werbung stehen. Wenn Ihr uns unterst\u00fctzen m\u00f6chtet, dann helft ihr nicht nur uns, sondern vor allem den Kindern der Kita Buddelflink.&#46;&#46;&#46;<\/p>\n","protected":false},"author":1,"featured_media":0,"parent":0,"menu_order":0,"comment_status":"closed","ping_status":"closed","template":"","meta":{"footnotes":""},"class_list":["post-54","page","type-page","status-publish","hentry"],"jetpack_sharing_enabled":true,"_links":{"self":[{"href":"https:\/\/fv-kitabuddelflink.de\/index.php?rest_route=\/wp\/v2\/pages\/54","targetHints":{"allow":["GET"]}}],"collection":[{"href":"https:\/\/fv-kitabuddelflink.de\/index.php?rest_route=\/wp\/v2\/pages"}],"about":[{"href":"https:\/\/fv-kitabuddelflink.de\/index.php?rest_route=\/wp\/v2\/types\/page"}],"author":[{"embeddable":true,"href":"https:\/\/fv-kitabuddelflink.de\/index.php?rest_route=\/wp\/v2\/users\/1"}],"replies":[{"embeddable":true,"href":"https:\/\/fv-kitabuddelflink.de\/index.php?rest_route=%2Fwp%2Fv2%2Fcomments&post=54"}],"version-history":[{"count":9,"href":"https:\/\/fv-kitabuddelflink.de\/index.php?rest_route=\/wp\/v2\/pages\/54\/revisions"}],"predecessor-version":[{"id":859,"href":"https:\/\/fv-kitabuddelflink.de\/index.php?rest_route=\/wp\/v2\/pages\/54\/revisions\/859"}],"wp:attachment":[{"href":"https:\/\/fv-kitabuddelflink.de\/index.php?rest_route=%2Fwp%2Fv2%2Fmedia&parent=54"}],"curies":[{"name":"wp","href":"https:\/\/api.w.org\/{rel}","templated":true}]}}